{"id":5190,"date":"2021-08-17T12:21:51","date_gmt":"2021-08-17T06:21:51","guid":{"rendered":"https:\/\/www.rehradio.com\/?page_id=5190"},"modified":"2022-05-19T23:07:46","modified_gmt":"2022-05-20T04:07:46","slug":"home-4","status":"publish","type":"page","link":"https:\/\/www.rehradio.com\/fr\/","title":{"rendered":"PAGE PRINCIPALE DE LA RADIO"},"content":{"rendered":"<div data-elementor-type=\"wp-page\" data-elementor-id=\"5190\" class=\"elementor elementor-5190\">\n\t\t\t\t\t\t<div class=\"elementor-inner\">\n\t\t\t\t<div class=\"elementor-section-wrap\">\n\t\t\t\t\t\t\t\t\t<section class=\"elementor-section elementor-top-section elementor-element elementor-element-2f6ea1e7 elementor-section-stretched elementor-section-full_width elementor-section-height-default elementor-section-height-default\" data-id=\"2f6ea1e7\" data-element_type=\"section\" data-settings=\"{&quot;stretch_section&quot;:&quot;section-stretched&quot;,&quot;background_background&quot;:&quot;classic&quot;}\">\n\t\t\t\t\t\t<div class=\"elementor-container elementor-column-gap-default\">\n\t\t\t\t\t\t\t<div class=\"elementor-row\">\n\t\t\t\t\t<div class=\"elementor-column elementor-col-50 elementor-top-column elementor-element elementor-element-59edf3e6\" data-id=\"59edf3e6\" data-element_type=\"column\">\n\t\t\t<div class=\"elementor-column-wrap elementor-element-populated\">\n\t\t\t\t\t\t\t<div class=\"elementor-widget-wrap\">\n\t\t\t\t\t\t<div class=\"elementor-element elementor-element-6f59e007 elementor-widget elementor-widget-rt-paragraph-title\" data-id=\"6f59e007\" data-element_type=\"widget\" data-widget_type=\"rt-paragraph-title.default\">\n\t\t\t\t<div class=\"elementor-widget-container\">\n\t\t\t<div class=\"about-box-layout2\">\n\t \t \n    <h2 class=\"item-title\">\n    7\u00e9me \u00c2ge Evang\u00e9lique D'Haiti    <\/h2> \t\t\n\t \t   \n<\/div>\t\t<\/div>\n\t\t\t\t<\/div>\n\t\t\t\t<div class=\"elementor-element elementor-element-5e739299 content-align--mobilecenter content-align--tabletcenter content-align-left elementor-widget elementor-widget-rt-button\" data-id=\"5e739299\" data-element_type=\"widget\" data-widget_type=\"rt-button.default\">\n\t\t\t\t<div class=\"elementor-widget-container\">\n\t\t\t\n<div class=\"rt-item-btn rtin-style-1\">\n\t<a href=\"https:\/\/www.rehradio.com\/fr\/live\/\">TUNE IN NOW<\/a>\n<\/div>\t\t<\/div>\n\t\t\t\t<\/div>\n\t\t\t\t\t\t<\/div>\n\t\t\t\t\t<\/div>\n\t\t<\/div>\n\t\t\t\t<div class=\"elementor-column elementor-col-50 elementor-top-column elementor-element elementor-element-34176dcf\" data-id=\"34176dcf\" data-element_type=\"column\">\n\t\t\t<div class=\"elementor-column-wrap elementor-element-populated\">\n\t\t\t\t\t\t\t<div class=\"elementor-widget-wrap\">\n\t\t\t\t\t\t<div class=\"elementor-element elementor-element-3a297deb elementor-widget elementor-widget-rt-show-now\" data-id=\"3a297deb\" data-element_type=\"widget\" data-widget_type=\"rt-show-now.default\">\n\t\t\t\t<div class=\"elementor-widget-container\">\n\t\t\t<section class=\"default-show current-show-3\">\n                    <div class=\"content-box\">\n                <div class=\"item-img\">\n                                            <img width=\"937\" height=\"711\" src=\"https:\/\/www.rehradio.com\/wp-content\/uploads\/2021\/08\/home4_man.png\" class=\"attachment-full size-full\" alt=\"\" loading=\"lazy\" \/>                                        <div class=\"item-content\">\n                        <h3 class=\"host-name\"><span class=\"item-time\">6:00 am-11:00 am<\/span>DJ Augsten<\/h3>\n                        <h4 class=\"item-title\"><a href=\"https:\/\/www.rehradio.com\/fr\/show\/mid-night-show\/\">Sunday Gospel<\/a><\/h4>\n                    <\/div>\n                <\/div>\n            <\/div>\n            <\/section>\t\t<\/div>\n\t\t\t\t<\/div>\n\t\t\t\t\t\t<\/div>\n\t\t\t\t\t<\/div>\n\t\t<\/div>\n\t\t\t\t\t\t\t\t<\/div>\n\t\t\t\t\t<\/div>\n\t\t<\/section>\n\t\t\t\t<section class=\"elementor-section elementor-top-section elementor-element elementor-element-79e356da elementor-section-stretched elementor-section-boxed elementor-section-height-default elementor-section-height-default\" data-id=\"79e356da\" data-element_type=\"section\" data-settings=\"{&quot;stretch_section&quot;:&quot;section-stretched&quot;,&quot;background_background&quot;:&quot;classic&quot;}\">\n\t\t\t\t\t\t<div class=\"elementor-container elementor-column-gap-default\">\n\t\t\t\t\t\t\t<div class=\"elementor-row\">\n\t\t\t\t\t<div class=\"elementor-column elementor-col-50 elementor-top-column elementor-element elementor-element-577b206e\" data-id=\"577b206e\" data-element_type=\"column\">\n\t\t\t<div class=\"elementor-column-wrap elementor-element-populated\">\n\t\t\t\t\t\t\t<div class=\"elementor-widget-wrap\">\n\t\t\t\t\t\t<div class=\"elementor-element elementor-element-27790c89 elementor-widget elementor-widget-rt-title\" data-id=\"27790c89\" data-element_type=\"widget\" data-widget_type=\"rt-title.default\">\n\t\t\t\t<div class=\"elementor-widget-container\">\n\t\t\t<div class=\"section-defauly-style section-heading-1 left\">\n    <div class=\"heading-wrap\">\n        <h2 class=\"heading-title\"> Coming Soon <\/h2>\n        <div class=\"singnal-symbol\">\n            <div class=\"item-circle circle-1\"><\/div>\n            <div class=\"item-circle circle-2\"><\/div>\n            <div class=\"item-circle circle-3\"><\/div>\n        <\/div>\n    <\/div>\n    <\/div>\n\t\t<\/div>\n\t\t\t\t<\/div>\n\t\t\t\t<div class=\"elementor-element elementor-element-186a48ae elementor-widget elementor-widget-rt-title\" data-id=\"186a48ae\" data-element_type=\"widget\" data-widget_type=\"rt-title.default\">\n\t\t\t\t<div class=\"elementor-widget-container\">\n\t\t\t\n<div class=\"section-defauly-style section-heading-2 left\">\n    <h2 class=\"heading-title\"> Website will Officially Launch soon <\/h2>\n            <p class=\"section-subtitle\">With great Content<\/p>\n    <\/div>\t\t<\/div>\n\t\t\t\t<\/div>\n\t\t\t\t<div class=\"elementor-element elementor-element-61573ea5 content-align--tabletcenter content-align-left elementor-widget elementor-widget-rt-countdown\" data-id=\"61573ea5\" data-element_type=\"widget\" data-widget_type=\"rt-countdown.default\">\n\t\t\t\t<div class=\"elementor-widget-container\">\n\t\t\t<div class=\"countdown-default rt-countdown-layout3 rt-countdown\">\n\t\t\t<div class=\"countdown fmwave-countdown\" data-date=\"2022-06-01 00:00\" ><\/div>\n\t<\/div>\n\n\t\t<\/div>\n\t\t\t\t<\/div>\n\t\t\t\t<div class=\"elementor-element elementor-element-7e09b3ff content-align--tabletcenter content-align-left elementor-widget elementor-widget-rt-button\" data-id=\"7e09b3ff\" data-element_type=\"widget\" data-widget_type=\"rt-button.default\">\n\t\t\t\t<div class=\"elementor-widget-container\">\n\t\t\t\n<div class=\"rt-item-btn rtin-style-1\">\n\t<a href=\"https:\/\/www.rehradio.com\/fr\/contact-us\/\">GET NOTIFIED<\/a>\n<\/div>\t\t<\/div>\n\t\t\t\t<\/div>\n\t\t\t\t\t\t<\/div>\n\t\t\t\t\t<\/div>\n\t\t<\/div>\n\t\t\t\t<div class=\"elementor-column elementor-col-50 elementor-top-column elementor-element elementor-element-5b22a71f\" data-id=\"5b22a71f\" data-element_type=\"column\">\n\t\t\t<div class=\"elementor-column-wrap elementor-element-populated\">\n\t\t\t\t\t\t\t<div class=\"elementor-widget-wrap\">\n\t\t\t\t\t\t<div class=\"elementor-element elementor-element-4006eb92 animated-slow elementor-invisible elementor-widget elementor-widget-image\" data-id=\"4006eb92\" data-element_type=\"widget\" data-settings=\"{&quot;_animation&quot;:&quot;fadeInDown&quot;}\" data-widget_type=\"image.default\">\n\t\t\t\t<div class=\"elementor-widget-container\">\n\t\t\t\t\t\t\t\t<div class=\"elementor-image\">\n\t\t\t\t\t\t\t\t\t\t\t\t<img width=\"725\" height=\"493\" src=\"https:\/\/www.rehradio.com\/wp-content\/uploads\/2021\/08\/home4_about_man.png\" class=\"attachment-full size-full\" alt=\"\" loading=\"lazy\" srcset=\"https:\/\/www.rehradio.com\/wp-content\/uploads\/2021\/08\/home4_about_man.png 725w, https:\/\/www.rehradio.com\/wp-content\/uploads\/2021\/08\/home4_about_man-300x204.png 300w, https:\/\/www.rehradio.com\/wp-content\/uploads\/2021\/08\/home4_about_man-155x105.png 155w\" sizes=\"(max-width: 725px) 100vw, 725px\" \/>\t\t\t\t\t\t\t\t\t\t\t\t\t\t<\/div>\n\t\t\t\t\t\t<\/div>\n\t\t\t\t<\/div>\n\t\t\t\t\t\t<\/div>\n\t\t\t\t\t<\/div>\n\t\t<\/div>\n\t\t\t\t\t\t\t\t<\/div>\n\t\t\t\t\t<\/div>\n\t\t<\/section>\n\t\t\t\t<section class=\"elementor-section elementor-top-section elementor-element elementor-element-16aa9063 elementor-section-stretched elementor-section-boxed elementor-section-height-default elementor-section-height-default\" data-id=\"16aa9063\" data-element_type=\"section\" data-settings=\"{&quot;stretch_section&quot;:&quot;section-stretched&quot;,&quot;background_background&quot;:&quot;classic&quot;}\">\n\t\t\t\t\t\t<div class=\"elementor-container elementor-column-gap-default\">\n\t\t\t\t\t\t\t<div class=\"elementor-row\">\n\t\t\t\t\t<div class=\"elementor-column elementor-col-33 elementor-top-column elementor-element elementor-element-48c9aa68\" data-id=\"48c9aa68\" data-element_type=\"column\">\n\t\t\t<div class=\"elementor-column-wrap elementor-element-populated\">\n\t\t\t\t\t\t\t<div class=\"elementor-widget-wrap\">\n\t\t\t\t\t\t<div class=\"elementor-element elementor-element-4984baf6 elementor-widget elementor-widget-image\" data-id=\"4984baf6\" data-element_type=\"widget\" data-widget_type=\"image.default\">\n\t\t\t\t<div class=\"elementor-widget-container\">\n\t\t\t\t\t\t\t\t<div class=\"elementor-image\">\n\t\t\t\t\t\t\t\t\t\t\t\t<img width=\"155\" height=\"229\" src=\"https:\/\/www.rehradio.com\/wp-content\/uploads\/2021\/08\/women.png\" class=\"attachment-full size-full\" alt=\"\" loading=\"lazy\" srcset=\"https:\/\/www.rehradio.com\/wp-content\/uploads\/2021\/08\/women.png 155w, https:\/\/www.rehradio.com\/wp-content\/uploads\/2021\/08\/women-106x157.png 106w\" sizes=\"(max-width: 155px) 100vw, 155px\" \/>\t\t\t\t\t\t\t\t\t\t\t\t\t\t<\/div>\n\t\t\t\t\t\t<\/div>\n\t\t\t\t<\/div>\n\t\t\t\t\t\t<\/div>\n\t\t\t\t\t<\/div>\n\t\t<\/div>\n\t\t\t\t<div class=\"elementor-column elementor-col-33 elementor-top-column elementor-element elementor-element-6b303458\" data-id=\"6b303458\" data-element_type=\"column\">\n\t\t\t<div class=\"elementor-column-wrap elementor-element-populated\">\n\t\t\t\t\t\t\t<div class=\"elementor-widget-wrap\">\n\t\t\t\t\t\t<div class=\"elementor-element elementor-element-4d188c23 elementor-widget elementor-widget-rt-title\" data-id=\"4d188c23\" data-element_type=\"widget\" data-widget_type=\"rt-title.default\">\n\t\t\t\t<div class=\"elementor-widget-container\">\n\t\t\t\n<div class=\"section-defauly-style section-heading-2 left\">\n    <h2 class=\"heading-title\"> Become a radio minster <\/h2>\n            <p class=\"section-subtitle\">Join the Radio team and broadcast form anywhere in the world.<\/p>\n    <\/div>\t\t<\/div>\n\t\t\t\t<\/div>\n\t\t\t\t\t\t<\/div>\n\t\t\t\t\t<\/div>\n\t\t<\/div>\n\t\t\t\t<div class=\"elementor-column elementor-col-33 elementor-top-column elementor-element elementor-element-129826fb\" data-id=\"129826fb\" data-element_type=\"column\">\n\t\t\t<div class=\"elementor-column-wrap elementor-element-populated\">\n\t\t\t\t\t\t\t<div class=\"elementor-widget-wrap\">\n\t\t\t\t\t\t<div class=\"elementor-element elementor-element-481a8308 content-align-right content-align--mobilecenter elementor-widget elementor-widget-rt-button\" data-id=\"481a8308\" data-element_type=\"widget\" data-widget_type=\"rt-button.default\">\n\t\t\t\t<div class=\"elementor-widget-container\">\n\t\t\t\n<div class=\"rt-item-btn rtin-style-1\">\n\t<a href=\"https:\/\/www.rehradio.com\/fr\/contact-us\/\">CONTACT US<\/a>\n<\/div>\t\t<\/div>\n\t\t\t\t<\/div>\n\t\t\t\t\t\t<\/div>\n\t\t\t\t\t<\/div>\n\t\t<\/div>\n\t\t\t\t\t\t\t\t<\/div>\n\t\t\t\t\t<\/div>\n\t\t<\/section>\n\t\t\t\t\t\t\t\t\t<\/div>\n\t\t\t<\/div>\n\t\t\t\t\t<\/div>","protected":false},"excerpt":{"rendered":"<p>7\u00e9me \u00c2ge Evang\u00e9lique D&#8217;Haiti TUNE IN NOW 6:00 am-11:00 amDJ Augsten Sunday Gospel Coming Soon Website will Officially Launch soon With great Content GET NOTIFIED Become a radio minster Join the Radio team and broadcast form anywhere in the world. CONTACT US<\/p>","protected":false},"author":1,"featured_media":0,"parent":0,"menu_order":0,"comment_status":"closed","ping_status":"closed","template":"elementor_header_footer","meta":[],"_links":{"self":[{"href":"https:\/\/www.rehradio.com\/fr\/wp-json\/wp\/v2\/pages\/5190"}],"collection":[{"href":"https:\/\/www.rehradio.com\/fr\/wp-json\/wp\/v2\/pages"}],"about":[{"href":"https:\/\/www.rehradio.com\/fr\/wp-json\/wp\/v2\/types\/page"}],"author":[{"embeddable":true,"href":"https:\/\/www.rehradio.com\/fr\/wp-json\/wp\/v2\/users\/1"}],"replies":[{"embeddable":true,"href":"https:\/\/www.rehradio.com\/fr\/wp-json\/wp\/v2\/comments?post=5190"}],"version-history":[{"count":91,"href":"https:\/\/www.rehradio.com\/fr\/wp-json\/wp\/v2\/pages\/5190\/revisions"}],"predecessor-version":[{"id":5640,"href":"https:\/\/www.rehradio.com\/fr\/wp-json\/wp\/v2\/pages\/5190\/revisions\/5640"}],"wp:attachment":[{"href":"https:\/\/www.rehradio.com\/fr\/wp-json\/wp\/v2\/media?parent=5190"}],"curies":[{"name":"wp","href":"https:\/\/api.w.org\/{rel}","templated":true}]}}